{"id":101,"date":"2019-06-26T11:09:01","date_gmt":"2019-06-26T09:09:01","guid":{"rendered":"https:\/\/lucapasqualini.com\/about\/"},"modified":"2022-05-12T15:18:08","modified_gmt":"2022-05-12T13:18:08","slug":"chi-sono","status":"publish","type":"page","link":"https:\/\/lucapasqualini.com\/en\/chi-sono\/","title":{"rendered":"ABOUT ME"},"content":{"rendered":"<div data-elementor-type=\"wp-post\" data-elementor-id=\"101\" class=\"elementor elementor-101\">\n\t\t\t\t\t\t\t\t\t<section class=\"elementor-section elementor-top-section elementor-element elementor-element-9c90ee9 elementor-section-height-min-height elementor-section-items-bottom elementor-section-boxed elementor-section-height-default\" data-id=\"9c90ee9\" data-element_type=\"section\" data-settings=\"{&quot;background_background&quot;:&quot;classic&quot;}\">\n\t\t\t\t\t\t<div class=\"elementor-container elementor-column-gap-default\">\n\t\t\t\t\t<div class=\"aux-parallax-section elementor-column elementor-col-100 elementor-top-column elementor-element elementor-element-9b68010 aux-appear-watch-animation aux-fade-in-right\" data-id=\"9b68010\" data-element_type=\"column\">\n\t\t\t<div class=\"elementor-widget-wrap elementor-element-populated\">\n\t\t\t\t\t\t\t\t<div class=\"elementor-element elementor-element-fece7ce elementor-widget elementor-widget-aux_modern_heading\" data-id=\"fece7ce\" data-element_type=\"widget\" data-widget_type=\"aux_modern_heading.default\">\n\t\t\t\t<div class=\"elementor-widget-container\">\n\t\t\t<section class=\"aux-widget-modern-heading\">\n            <div class=\"aux-widget-inner\"><h6 class=\"aux-modern-heading-primary\">ABOUT ME<\/h6><\/div>\n        <\/section>\t\t<\/div>\n\t\t\t\t<\/div>\n\t\t\t\t\t<\/div>\n\t\t<\/div>\n\t\t\t\t\t\t\t<\/div>\n\t\t<\/section>\n\t\t\t\t<section class=\"elementor-section elementor-top-section elementor-element elementor-element-8a7d5de elementor-section-content-top elementor-section-boxed elementor-section-height-default elementor-section-height-default\" data-id=\"8a7d5de\" data-element_type=\"section\">\n\t\t\t\t\t\t<div class=\"elementor-container elementor-column-gap-wide\">\n\t\t\t\t\t<div class=\"aux-parallax-section elementor-column elementor-col-50 elementor-top-column elementor-element elementor-element-6891d4e\" data-id=\"6891d4e\" data-element_type=\"column\">\n\t\t\t<div class=\"elementor-widget-wrap elementor-element-populated\">\n\t\t\t\t\t\t\t\t<div class=\"elementor-element elementor-element-455ca69 aux-appear-watch-animation aux-fade-in-right elementor-widget elementor-widget-aux_modern_heading\" data-id=\"455ca69\" data-element_type=\"widget\" data-widget_type=\"aux_modern_heading.default\">\n\t\t\t\t<div class=\"elementor-widget-container\">\n\t\t\t<section class=\"aux-widget-modern-heading\">\n            <div class=\"aux-widget-inner\"><h6 class=\"aux-modern-heading-primary\">MY JOB, MY PASSIONS<\/h6><div class=\"aux-modern-heading-divider\"><\/div><div class=\"aux-modern-heading-description\"><p>A NEW WAY TO PROPOSE TO THE REAL ESTATE MARKET<\/p><\/div><\/div>\n        <\/section>\t\t<\/div>\n\t\t\t\t<\/div>\n\t\t\t\t<div class=\"elementor-element elementor-element-3f15f78 elementor-widget elementor-widget-image\" data-id=\"3f15f78\" data-element_type=\"widget\" data-widget_type=\"image.default\">\n\t\t\t\t<div class=\"elementor-widget-container\">\n\t\t\t\t\t\t\t\t\t\t\t\t\t\t\t<img fetchpriority=\"high\" decoding=\"async\" width=\"1024\" height=\"1024\" src=\"https:\/\/lucapasqualini.com\/wp-content\/uploads\/2022\/05\/Pasqualini-Cantiere-1024x1024.jpg\" class=\"attachment-large size-large wp-image-925\" alt=\"\" srcset=\"https:\/\/lucapasqualini.com\/wp-content\/uploads\/2022\/05\/Pasqualini-Cantiere-1024x1024.jpg 1024w, https:\/\/lucapasqualini.com\/wp-content\/uploads\/2022\/05\/Pasqualini-Cantiere-300x300.jpg 300w, https:\/\/lucapasqualini.com\/wp-content\/uploads\/2022\/05\/Pasqualini-Cantiere-150x150.jpg 150w, https:\/\/lucapasqualini.com\/wp-content\/uploads\/2022\/05\/Pasqualini-Cantiere-768x768.jpg 768w\" sizes=\"(max-width: 1024px) 100vw, 1024px\" \/>\t\t\t\t\t\t\t\t\t\t\t\t\t\t\t<\/div>\n\t\t\t\t<\/div>\n\t\t\t\t\t<\/div>\n\t\t<\/div>\n\t\t\t\t<div class=\"aux-parallax-section elementor-column elementor-col-50 elementor-top-column elementor-element elementor-element-366f695\" data-id=\"366f695\" data-element_type=\"column\">\n\t\t\t<div class=\"elementor-widget-wrap elementor-element-populated\">\n\t\t\t\t\t\t\t\t<div class=\"elementor-element elementor-element-bc44be5 elementor-hidden-tablet elementor-hidden-mobile elementor-widget elementor-widget-spacer\" data-id=\"bc44be5\" data-element_type=\"widget\" data-widget_type=\"spacer.default\">\n\t\t\t\t<div class=\"elementor-widget-container\">\n\t\t\t\t\t<div class=\"elementor-spacer\">\n\t\t\t<div class=\"elementor-spacer-inner\"><\/div>\n\t\t<\/div>\n\t\t\t\t<\/div>\n\t\t\t\t<\/div>\n\t\t\t\t<div class=\"elementor-element elementor-element-635f476 elementor-widget elementor-widget-heading\" data-id=\"635f476\" data-element_type=\"widget\" data-widget_type=\"heading.default\">\n\t\t\t\t<div class=\"elementor-widget-container\">\n\t\t\t<h2 class=\"elementor-heading-title elementor-size-default\">ABOUT ME, LUCA PASQUALINI<\/h2>\t\t<\/div>\n\t\t\t\t<\/div>\n\t\t\t\t<div class=\"elementor-element elementor-element-f4d3446 elementor-widget elementor-widget-text-editor\" data-id=\"f4d3446\" data-element_type=\"widget\" data-widget_type=\"text-editor.default\">\n\t\t\t\t<div class=\"elementor-widget-container\">\n\t\t\t\t\t\t\t<p>I like to think of myself as a curious, proactive and multifaceted person with many interests, attentive to everything that changes and to everything that is new.<\/p><p>I have always had an innate passion for water sports and for a healthy and dynamic lifestyle.<\/p><p>I research and am attentive to new trends in all humanistic fields, from fashion to music, from art to technology, and then try to apply them across the board to design and architecture.<\/p><p>My other passion could only be travelling: I like to understand and permeate new cultures going beyond tourism, to grasp connections, attentions, qualities to instil in myself and in my work.<\/p><p>Indulging these passions of mine has become my lifestyle, influencing my way of thinking, proposing and interpreting.<\/p><p>After having experienced the golden years of construction well (and its crisis less well)\u2026 I learned a lot from what is defined as <em>as field experience<\/em>.<\/p><p>Without forgetting my father's legacy and his dedication to <em>il<\/em> <em>doing things right, <\/em>I reconfigured my company and my own professionalism, abandoning the traditional way this business was conducted for decades.<\/p><p>To evolve towards a new concept of construction company: more flexible, more reactive, less suited to construction \"in the strict sense\" and more to the correct reading of the needs and opportunities required by today's real estate market.<\/p>\t\t\t\t\t\t<\/div>\n\t\t\t\t<\/div>\n\t\t\t\t\t<\/div>\n\t\t<\/div>\n\t\t\t\t\t\t\t<\/div>\n\t\t<\/section>\n\t\t\t\t<section class=\"elementor-section elementor-top-section elementor-element elementor-element-c3b4d83 elementor-section-content-middle elementor-section-boxed elementor-section-height-default elementor-section-height-default\" data-id=\"c3b4d83\" data-element_type=\"section\" data-settings=\"{&quot;background_background&quot;:&quot;classic&quot;}\">\n\t\t\t\t\t\t<div class=\"elementor-container elementor-column-gap-default\">\n\t\t\t\t\t<div class=\"aux-parallax-section elementor-column elementor-col-100 elementor-top-column elementor-element elementor-element-6092799\" data-id=\"6092799\" data-element_type=\"column\">\n\t\t\t<div class=\"elementor-widget-wrap elementor-element-populated\">\n\t\t\t\t\t\t\t\t<div class=\"elementor-element elementor-element-d503bee elementor-widget elementor-widget-aux_modern_heading\" data-id=\"d503bee\" data-element_type=\"widget\" data-widget_type=\"aux_modern_heading.default\">\n\t\t\t\t<div class=\"elementor-widget-container\">\n\t\t\t<section class=\"aux-widget-modern-heading\">\n            <div class=\"aux-widget-inner\"><h6 class=\"aux-modern-heading-primary\">DO YOU NEED HELP?<\/h6><h6 class=\"aux-modern-heading-secondary\"><span class=\"aux-head-before\">Book a free consultation with me<\/span><\/h6><\/div>\n        <\/section>\t\t<\/div>\n\t\t\t\t<\/div>\n\t\t\t\t<div class=\"elementor-element elementor-element-5e794bd elementor-widget elementor-widget-aux_button\" data-id=\"5e794bd\" data-element_type=\"widget\" data-widget_type=\"aux_button.default\">\n\t\t\t\t<div class=\"elementor-widget-container\">\n\t\t\t<button   class=\"aux-button aux-medium aux-carmine-pink aux-none aux-uppercase\" ><span class=\"aux-overlay\"><\/span><span class=\"aux-text\">BOOK NOW<\/span><\/button>\t\t<\/div>\n\t\t\t\t<\/div>\n\t\t\t\t\t<\/div>\n\t\t<\/div>\n\t\t\t\t\t\t\t<\/div>\n\t\t<\/section>\n\t\t\t\t\t\t\t<\/div>","protected":false},"excerpt":{"rendered":"<p>CHI SONO IL MIO LAVORO, LE MIE PASSIONI UN NUOVO MODO DI PROPORSI AL MERCATO IMMOBILIARE IO, LUCA PASQUALINI Mi piace pensare a me stesso come ad una persona curiosa, proattiva e poliedrica con molti interessi, attenta a tutto ci\u00f2 che cambia e a tutto ci\u00f2 che \u00e8 nuovo. Ho un&#8217;innata passione da sempre per [&hellip;]<\/p>","protected":false},"author":1,"featured_media":0,"parent":0,"menu_order":0,"comment_status":"closed","ping_status":"closed","template":"templates\/page-builder-content.php","meta":{"footnotes":""},"class_list":["post-101","page","type-page","status-publish","hentry"],"_links":{"self":[{"href":"https:\/\/lucapasqualini.com\/en\/wp-json\/wp\/v2\/pages\/101","targetHints":{"allow":["GET"]}}],"collection":[{"href":"https:\/\/lucapasqualini.com\/en\/wp-json\/wp\/v2\/pages"}],"about":[{"href":"https:\/\/lucapasqualini.com\/en\/wp-json\/wp\/v2\/types\/page"}],"author":[{"embeddable":true,"href":"https:\/\/lucapasqualini.com\/en\/wp-json\/wp\/v2\/users\/1"}],"replies":[{"embeddable":true,"href":"https:\/\/lucapasqualini.com\/en\/wp-json\/wp\/v2\/comments?post=101"}],"version-history":[{"count":44,"href":"https:\/\/lucapasqualini.com\/en\/wp-json\/wp\/v2\/pages\/101\/revisions"}],"predecessor-version":[{"id":928,"href":"https:\/\/lucapasqualini.com\/en\/wp-json\/wp\/v2\/pages\/101\/revisions\/928"}],"wp:attachment":[{"href":"https:\/\/lucapasqualini.com\/en\/wp-json\/wp\/v2\/media?parent=101"}],"curies":[{"name":"wp","href":"https:\/\/api.w.org\/{rel}","templated":true}]}}